{"id":82,"date":"2021-05-29T14:47:25","date_gmt":"2021-05-29T14:47:25","guid":{"rendered":"http:\/\/hsc-jcmm16.org\/?page_id=82"},"modified":"2022-04-09T21:26:32","modified_gmt":"2022-04-09T21:26:32","slug":"contact-acces","status":"publish","type":"page","link":"http:\/\/hsc-jcmm16.org\/fr\/contact-acces","title":{"rendered":"Contact \/ Acc\u00e8s"},"content":{"rendered":"\r\n<p>&nbsp;<\/p>\r\n\r\n\r\n\r\n<div class=\"wp-block-columns is-layout-flex wp-container-core-columns-is-layout-9d6595d7 wp-block-columns-is-layout-flex\">\r\n<div class=\"wp-block-column is-layout-flow wp-block-column-is-layout-flow\" style=\"flex-basis: 100%;\">\r\n\r\n\r\n<div class=\"wp-block-image is-style-rounded\">\r\n<figure class=\"aligncenter size-large\"><img loading=\"lazy\" decoding=\"async\" width=\"476\" height=\"406\" class=\"wp-image-255\" src=\"http:\/\/hsc-jcmm16.org\/wp-content\/uploads\/2021\/05\/contact-icone-1.png\" alt=\"\" \/><\/figure>\r\n<\/div>\r\n<\/div>\r\n<\/div>\r\n\r\n\r\n\r\n<p>Vous avez une question ? Envie d&#8217;en savoir plus\u00a0? Besoin d&#8217;informations ? N&#8217;h\u00e9sitez pas \u00e0 nous contacter directement ou \u00e0 l&#8217;aide du formulaire ci-dessous.<\/p>\r\n","protected":false},"excerpt":{"rendered":"<p>&nbsp; Vous avez une question ? Envie d&#8217;en savoir plus\u00a0? Besoin d&#8217;informations ? N&#8217;h\u00e9sitez pas \u00e0 nous contacter directement ou \u00e0 l&#8217;aide du formulaire ci-dessous.<\/p>\n","protected":false},"author":1,"featured_media":0,"parent":0,"menu_order":6,"comment_status":"closed","ping_status":"closed","template":"template-contact.php","meta":{"pmpro_default_level":"","footnotes":""},"class_list":["post-82","page","type-page","status-publish","hentry","pmpro-has-access"],"yoast_head":"<!-- This site is optimized with the Yoast SEO plugin v27.4 - https:\/\/yoast.com\/product\/yoast-seo-wordpress\/ -->\n<title>Contact \/ Acc\u00e8s - HOLY SPIRIT COLLEGE<\/title>\n<meta name=\"robots\" content=\"index, follow, max-snippet:-1, max-image-preview:large, max-video-preview:-1\" \/>\n<link rel=\"canonical\" href=\"http:\/\/hsc-jcmm16.org\/fr\/contact-acces\" \/>\n<meta property=\"og:locale\" content=\"fr_FR\" \/>\n<meta property=\"og:type\" content=\"article\" \/>\n<meta property=\"og:title\" content=\"Contact \/ Acc\u00e8s - HOLY SPIRIT COLLEGE\" \/>\n<meta property=\"og:description\" content=\"&nbsp; Vous avez une question ? Envie d&#8217;en savoir plus\u00a0? Besoin d&#8217;informations ? N&#8217;h\u00e9sitez pas \u00e0 nous contacter directement ou \u00e0 l&#8217;aide du formulaire ci-dessous.\" \/>\n<meta property=\"og:url\" content=\"http:\/\/hsc-jcmm16.org\/fr\/contact-acces\" \/>\n<meta property=\"og:site_name\" content=\"HOLY SPIRIT COLLEGE\" \/>\n<meta property=\"article:modified_time\" content=\"2022-04-09T21:26:32+00:00\" \/>\n<meta property=\"og:image\" content=\"http:\/\/hsc-jcmm16.org\/wp-content\/uploads\/2021\/05\/contact-icone-1.png\" \/>\n<meta name=\"twitter:card\" content=\"summary_large_image\" \/>\n<script type=\"application\/ld+json\" class=\"yoast-schema-graph\">{\"@context\":\"https:\\\/\\\/schema.org\",\"@graph\":[{\"@type\":\"WebPage\",\"@id\":\"http:\\\/\\\/hsc-jcmm16.org\\\/fr\\\/contact-acces\",\"url\":\"http:\\\/\\\/hsc-jcmm16.org\\\/fr\\\/contact-acces\",\"name\":\"Contact \\\/ Acc\u00e8s - HOLY SPIRIT COLLEGE\",\"isPartOf\":{\"@id\":\"http:\\\/\\\/hsc-jcmm16.org\\\/fr#website\"},\"primaryImageOfPage\":{\"@id\":\"http:\\\/\\\/hsc-jcmm16.org\\\/fr\\\/contact-acces#primaryimage\"},\"image\":{\"@id\":\"http:\\\/\\\/hsc-jcmm16.org\\\/fr\\\/contact-acces#primaryimage\"},\"thumbnailUrl\":\"http:\\\/\\\/hsc-jcmm16.org\\\/wp-content\\\/uploads\\\/2021\\\/05\\\/contact-icone-1.png\",\"datePublished\":\"2021-05-29T14:47:25+00:00\",\"dateModified\":\"2022-04-09T21:26:32+00:00\",\"breadcrumb\":{\"@id\":\"http:\\\/\\\/hsc-jcmm16.org\\\/fr\\\/contact-acces#breadcrumb\"},\"inLanguage\":\"fr-FR\",\"potentialAction\":[{\"@type\":\"ReadAction\",\"target\":[\"http:\\\/\\\/hsc-jcmm16.org\\\/fr\\\/contact-acces\"]}]},{\"@type\":\"ImageObject\",\"inLanguage\":\"fr-FR\",\"@id\":\"http:\\\/\\\/hsc-jcmm16.org\\\/fr\\\/contact-acces#primaryimage\",\"url\":\"http:\\\/\\\/hsc-jcmm16.org\\\/wp-content\\\/uploads\\\/2021\\\/05\\\/contact-icone-1.png\",\"contentUrl\":\"http:\\\/\\\/hsc-jcmm16.org\\\/wp-content\\\/uploads\\\/2021\\\/05\\\/contact-icone-1.png\"},{\"@type\":\"BreadcrumbList\",\"@id\":\"http:\\\/\\\/hsc-jcmm16.org\\\/fr\\\/contact-acces#breadcrumb\",\"itemListElement\":[{\"@type\":\"ListItem\",\"position\":1,\"name\":\"Accueil\",\"item\":\"http:\\\/\\\/hsc-jcmm16.org\\\/fr\"},{\"@type\":\"ListItem\",\"position\":2,\"name\":\"Contact \\\/ Acc\u00e8s\"}]},{\"@type\":\"WebSite\",\"@id\":\"http:\\\/\\\/hsc-jcmm16.org\\\/fr#website\",\"url\":\"http:\\\/\\\/hsc-jcmm16.org\\\/fr\",\"name\":\"HOLY SPIRIT COLLEGE\",\"description\":\"Where Jesus won, we won\",\"publisher\":{\"@id\":\"http:\\\/\\\/hsc-jcmm16.org\\\/fr#organization\"},\"potentialAction\":[{\"@type\":\"SearchAction\",\"target\":{\"@type\":\"EntryPoint\",\"urlTemplate\":\"http:\\\/\\\/hsc-jcmm16.org\\\/fr?s={search_term_string}\"},\"query-input\":{\"@type\":\"PropertyValueSpecification\",\"valueRequired\":true,\"valueName\":\"search_term_string\"}}],\"inLanguage\":\"fr-FR\"},{\"@type\":\"Organization\",\"@id\":\"http:\\\/\\\/hsc-jcmm16.org\\\/fr#organization\",\"name\":\"HOLY SPIRIT COLLEGE - JCMM16\",\"url\":\"http:\\\/\\\/hsc-jcmm16.org\\\/fr\",\"logo\":{\"@type\":\"ImageObject\",\"inLanguage\":\"fr-FR\",\"@id\":\"http:\\\/\\\/hsc-jcmm16.org\\\/fr#\\\/schema\\\/logo\\\/image\\\/\",\"url\":\"http:\\\/\\\/hsc-jcmm16.org\\\/wp-content\\\/uploads\\\/2021\\\/10\\\/IMG-LOGO-HSC.jpg\",\"contentUrl\":\"http:\\\/\\\/hsc-jcmm16.org\\\/wp-content\\\/uploads\\\/2021\\\/10\\\/IMG-LOGO-HSC.jpg\",\"width\":591,\"height\":591,\"caption\":\"HOLY SPIRIT COLLEGE - JCMM16\"},\"image\":{\"@id\":\"http:\\\/\\\/hsc-jcmm16.org\\\/fr#\\\/schema\\\/logo\\\/image\\\/\"}}]}<\/script>\n<!-- \/ Yoast SEO plugin. -->","yoast_head_json":{"title":"Contact \/ Acc\u00e8s - HOLY SPIRIT COLLEGE","robots":{"index":"index","follow":"follow","max-snippet":"max-snippet:-1","max-image-preview":"max-image-preview:large","max-video-preview":"max-video-preview:-1"},"canonical":"http:\/\/hsc-jcmm16.org\/fr\/contact-acces","og_locale":"fr_FR","og_type":"article","og_title":"Contact \/ Acc\u00e8s - HOLY SPIRIT COLLEGE","og_description":"&nbsp; Vous avez une question ? Envie d&#8217;en savoir plus\u00a0? Besoin d&#8217;informations ? N&#8217;h\u00e9sitez pas \u00e0 nous contacter directement ou \u00e0 l&#8217;aide du formulaire ci-dessous.","og_url":"http:\/\/hsc-jcmm16.org\/fr\/contact-acces","og_site_name":"HOLY SPIRIT COLLEGE","article_modified_time":"2022-04-09T21:26:32+00:00","og_image":[{"url":"http:\/\/hsc-jcmm16.org\/wp-content\/uploads\/2021\/05\/contact-icone-1.png","type":"","width":"","height":""}],"twitter_card":"summary_large_image","schema":{"@context":"https:\/\/schema.org","@graph":[{"@type":"WebPage","@id":"http:\/\/hsc-jcmm16.org\/fr\/contact-acces","url":"http:\/\/hsc-jcmm16.org\/fr\/contact-acces","name":"Contact \/ Acc\u00e8s - HOLY SPIRIT COLLEGE","isPartOf":{"@id":"http:\/\/hsc-jcmm16.org\/fr#website"},"primaryImageOfPage":{"@id":"http:\/\/hsc-jcmm16.org\/fr\/contact-acces#primaryimage"},"image":{"@id":"http:\/\/hsc-jcmm16.org\/fr\/contact-acces#primaryimage"},"thumbnailUrl":"http:\/\/hsc-jcmm16.org\/wp-content\/uploads\/2021\/05\/contact-icone-1.png","datePublished":"2021-05-29T14:47:25+00:00","dateModified":"2022-04-09T21:26:32+00:00","breadcrumb":{"@id":"http:\/\/hsc-jcmm16.org\/fr\/contact-acces#breadcrumb"},"inLanguage":"fr-FR","potentialAction":[{"@type":"ReadAction","target":["http:\/\/hsc-jcmm16.org\/fr\/contact-acces"]}]},{"@type":"ImageObject","inLanguage":"fr-FR","@id":"http:\/\/hsc-jcmm16.org\/fr\/contact-acces#primaryimage","url":"http:\/\/hsc-jcmm16.org\/wp-content\/uploads\/2021\/05\/contact-icone-1.png","contentUrl":"http:\/\/hsc-jcmm16.org\/wp-content\/uploads\/2021\/05\/contact-icone-1.png"},{"@type":"BreadcrumbList","@id":"http:\/\/hsc-jcmm16.org\/fr\/contact-acces#breadcrumb","itemListElement":[{"@type":"ListItem","position":1,"name":"Accueil","item":"http:\/\/hsc-jcmm16.org\/fr"},{"@type":"ListItem","position":2,"name":"Contact \/ Acc\u00e8s"}]},{"@type":"WebSite","@id":"http:\/\/hsc-jcmm16.org\/fr#website","url":"http:\/\/hsc-jcmm16.org\/fr","name":"HOLY SPIRIT COLLEGE","description":"Where Jesus won, we won","publisher":{"@id":"http:\/\/hsc-jcmm16.org\/fr#organization"},"potentialAction":[{"@type":"SearchAction","target":{"@type":"EntryPoint","urlTemplate":"http:\/\/hsc-jcmm16.org\/fr?s={search_term_string}"},"query-input":{"@type":"PropertyValueSpecification","valueRequired":true,"valueName":"search_term_string"}}],"inLanguage":"fr-FR"},{"@type":"Organization","@id":"http:\/\/hsc-jcmm16.org\/fr#organization","name":"HOLY SPIRIT COLLEGE - JCMM16","url":"http:\/\/hsc-jcmm16.org\/fr","logo":{"@type":"ImageObject","inLanguage":"fr-FR","@id":"http:\/\/hsc-jcmm16.org\/fr#\/schema\/logo\/image\/","url":"http:\/\/hsc-jcmm16.org\/wp-content\/uploads\/2021\/10\/IMG-LOGO-HSC.jpg","contentUrl":"http:\/\/hsc-jcmm16.org\/wp-content\/uploads\/2021\/10\/IMG-LOGO-HSC.jpg","width":591,"height":591,"caption":"HOLY SPIRIT COLLEGE - JCMM16"},"image":{"@id":"http:\/\/hsc-jcmm16.org\/fr#\/schema\/logo\/image\/"}}]}},"_links":{"self":[{"href":"http:\/\/hsc-jcmm16.org\/fr\/wp-json\/wp\/v2\/pages\/82","targetHints":{"allow":["GET"]}}],"collection":[{"href":"http:\/\/hsc-jcmm16.org\/fr\/wp-json\/wp\/v2\/pages"}],"about":[{"href":"http:\/\/hsc-jcmm16.org\/fr\/wp-json\/wp\/v2\/types\/page"}],"author":[{"embeddable":true,"href":"http:\/\/hsc-jcmm16.org\/fr\/wp-json\/wp\/v2\/users\/1"}],"replies":[{"embeddable":true,"href":"http:\/\/hsc-jcmm16.org\/fr\/wp-json\/wp\/v2\/comments?post=82"}],"version-history":[{"count":44,"href":"http:\/\/hsc-jcmm16.org\/fr\/wp-json\/wp\/v2\/pages\/82\/revisions"}],"predecessor-version":[{"id":737,"href":"http:\/\/hsc-jcmm16.org\/fr\/wp-json\/wp\/v2\/pages\/82\/revisions\/737"}],"wp:attachment":[{"href":"http:\/\/hsc-jcmm16.org\/fr\/wp-json\/wp\/v2\/media?parent=82"}],"curies":[{"name":"wp","href":"https:\/\/api.w.org\/{rel}","templated":true}]}}