{"id":618,"date":"2022-04-09T13:43:24","date_gmt":"2022-04-09T13:43:24","guid":{"rendered":"http:\/\/hsc-jcmm16.org\/?page_id=618"},"modified":"2022-04-09T17:44:28","modified_gmt":"2022-04-09T17:44:28","slug":"qui-sommes-nous","status":"publish","type":"page","link":"http:\/\/hsc-jcmm16.org\/fr\/qui-sommes-nous","title":{"rendered":"Qui sommes-nous ?"},"content":{"rendered":"<div class=\"wp-block-columns\">\n<div class=\"wp-block-column\" style=\"flex-basis: 100%;\">\n<figure class=\"wp-block-gallery aligncenter columns-1 is-cropped\">Le &#8220;Holy-Spirit College&#8221; est une \u00e9cole administr\u00e9e au sein de JESUS Church &#8211; Mission Mark 16, une \u00e9glise \u00e9vang\u00e9lique pour la gloire de Dieu.<\/figure>\n<\/div>\n<\/div>\n<p><!-- \/wp:post-content --><\/p>\n<p><!-- wp:paragraph --><\/p>\n<p>Fond\u00e9e par l&#8217;ap\u00f4tre BILLEY Kob sur l&#8217;inspiration du Saint &#8211; Esprit pour faire des disciples accomplis en J\u00e9sus &#8211; Christ.<\/p>\n<p><!-- \/wp:paragraph --><\/p>\n<p><!-- wp:paragraph --><\/p>\n<p>&nbsp;<\/p>\n<p><!-- \/wp:paragraph --><\/p>\n<p><!-- wp:paragraph --><\/p>\n<p><strong>Ce que nous croyons<\/strong><\/p>\n<p><!-- \/wp:paragraph --><\/p>\n<p><!-- wp:paragraph --><\/p>\n<ul>\n<li>La Bible est la Parole inspir\u00e9e de Dieu, une r\u00e9v\u00e9lation de Dieu \u00e0 l&#8217;homme, la r\u00e8gle infaillible de la foi et de la conduite, et est sup\u00e9rieure \u00e0 la conscience et \u00e0 la raison, mais pas contraire \u00e0 la raison. (2 Tim. 3:15-17 ; 1 Pierre 1:23-25 ; H\u00e9b. 4:12)<\/li>\n<li>La Divinit\u00e9 trinitaire est compos\u00e9e de trois (3) personnalit\u00e9s s\u00e9par\u00e9es et distinctes. Le P\u00e8re, le Fils et le Saint-Esprit, qui existent \u00e9ternellement en eux-m\u00eames, se sont r\u00e9v\u00e9l\u00e9s et fonctionnent comme une seule entit\u00e9. J\u00e9sus-Christ, qui est Dieu dot\u00e9 dans la chair, est le deuxi\u00e8me membre de la Divinit\u00e9, co-\u00e9gal et co-\u00e9ternel avec le P\u00e8re et le Saint-Esprit.<\/li>\n<\/ul>\n<ul>\n<li>L&#8217;homme \u00e9tait bon et droit, car Dieu a dit : \u00ab Faisons l&#8217;homme \u00e0 notre image, \u00e0 notre ressemblance \u00bb. Mais, l&#8217;homme, par transgression volontaire, est tomb\u00e9 et son seul espoir de r\u00e9demption est en J\u00e9sus-Christ le Fils de Dieu. (Gen\u00e8se 1&nbsp;:26-31, 3&nbsp;:1-7 ; Romains 5&nbsp;:12-21).<\/li>\n<\/ul>\n<ul>\n<li>Le salut se fait par la foi en J\u00e9sus-Christ et non par les \u0153uvres humaines ; cependant, nos \u0153uvres d\u00e9terminent les r\u00e9compenses dans l&#8217;\u00e9ternit\u00e9 (Romains 10:9-1 et II Corinthiens 5:10)<\/li>\n<\/ul>\n<ul>\n<li>Tous les croyants ont le droit \u00e0, et devraient s&#8217;attendre et rechercher sinc\u00e8rement la promesse du P\u00e8re, le bapt\u00eame du Saint-Esprit et de Feu, selon le commandement de notre Seigneur J\u00e9sus-Christ. C&#8217;\u00e9tait l&#8217;exp\u00e9rience normale de tous dans le minist\u00e8re chr\u00e9tien primitif. Avec elle vient la dotation de pouvoir pour la vie et le service, l&#8217;octroi des dons et leurs utilisations dans le travail du minist\u00e8re. (Luc 24&nbsp;:49 ; Actes 1&nbsp;:4-8 ; 1 Cor. 12&nbsp;:1-31). Cette merveilleuse exp\u00e9rience est distincte et post\u00e9rieure \u00e0 l&#8217;exp\u00e9rience de la nouvelle naissance. (Actes 2&nbsp;:38 ; 10&nbsp;:44-46 ; 11&nbsp;:14-16 ; 15&nbsp;:7-9)<\/li>\n<\/ul>\n<p>&nbsp;<\/p>\n<ul>\n<li>L&#8217;ordonnance du bapt\u00eame par un enterrement avec Christ doit \u00eatre rendue comme command\u00e9e dans les \u00c9critures par tous ceux qui se sont vraiment repentis et qui ont vraiment cru en Christ comme Sauveur et Seigneur. Ce faisant, ils d\u00e9clarent au monde qu&#8217;ils sont morts avec J\u00e9sus et qu&#8217;ils sont aussi ressuscit\u00e9s avec lui pour marcher en nouveaut\u00e9 de vie.<\/li>\n<\/ul>\n<ul>\n<li>J\u00e9sus revient pour rassembler tous ses saints au ciel. (I Cor. 15:51-52; I Thess. 4:16-17; et II Thess. 2:1) Ceux qui n&#8217;ont pas accept\u00e9 l&#8217;\u0153uvre r\u00e9demptrice de J\u00e9sus-Christ subiront une s\u00e9paration \u00e9ternelle d&#8217;avec la Divinit\u00e9. Le diable et ses anges, la b\u00eate et le faux proph\u00e8te, et \u00e9ventuellement dont le nom n&#8217;a pas \u00e9t\u00e9 trouv\u00e9 \u00e9crit dans le livre de vie, seront vou\u00e9s au ch\u00e2timent \u00e9ternel dans l&#8217;\u00e9tang de feu, qui br\u00fble de soufre. C&#8217;est la deuxi\u00e8me mort, l&#8217;\u00e9tang de feu. (Apoc. 19:20 ; 20:10-15)<\/li>\n<\/ul>\n","protected":false},"excerpt":{"rendered":"<p>Le &#8220;Holy-Spirit College&#8221; est une \u00e9cole administr\u00e9e au sein de JESUS Church &#8211; Mission Mark 16, une \u00e9glise \u00e9vang\u00e9lique pour la gloire de Dieu. Fond\u00e9e&#8230;<\/p>\n","protected":false},"author":1,"featured_media":680,"parent":0,"menu_order":0,"comment_status":"closed","ping_status":"closed","template":"","meta":{"pmpro_default_level":"","footnotes":""},"class_list":["post-618","page","type-page","status-publish","has-post-thumbnail","hentry","pmpro-has-access"],"yoast_head":"<!-- This site is optimized with the Yoast SEO plugin v27.4 - https:\/\/yoast.com\/product\/yoast-seo-wordpress\/ -->\n<title>Qui sommes-nous ? - HOLY SPIRIT COLLEGE<\/title>\n<meta name=\"robots\" content=\"index, follow, max-snippet:-1, max-image-preview:large, max-video-preview:-1\" \/>\n<link rel=\"canonical\" href=\"http:\/\/hsc-jcmm16.org\/fr\/qui-sommes-nous\" \/>\n<meta property=\"og:locale\" content=\"fr_FR\" \/>\n<meta property=\"og:type\" content=\"article\" \/>\n<meta property=\"og:title\" content=\"Qui sommes-nous ? - HOLY SPIRIT COLLEGE\" \/>\n<meta property=\"og:description\" content=\"Le &#8220;Holy-Spirit College&#8221; est une \u00e9cole administr\u00e9e au sein de JESUS Church &#8211; Mission Mark 16, une \u00e9glise \u00e9vang\u00e9lique pour la gloire de Dieu. Fond\u00e9e...\" \/>\n<meta property=\"og:url\" content=\"http:\/\/hsc-jcmm16.org\/fr\/qui-sommes-nous\" \/>\n<meta property=\"og:site_name\" content=\"HOLY SPIRIT COLLEGE\" \/>\n<meta property=\"article:modified_time\" content=\"2022-04-09T17:44:28+00:00\" \/>\n<meta property=\"og:image\" content=\"http:\/\/hsc-jcmm16.org\/wp-content\/uploads\/2022\/04\/internship-9.jpg\" \/>\n\t<meta property=\"og:image:width\" content=\"440\" \/>\n\t<meta property=\"og:image:height\" content=\"300\" \/>\n\t<meta property=\"og:image:type\" content=\"image\/jpeg\" \/>\n<meta name=\"twitter:card\" content=\"summary_large_image\" \/>\n<meta name=\"twitter:label1\" content=\"Dur\u00e9e de lecture estim\u00e9e\" \/>\n\t<meta name=\"twitter:data1\" content=\"3 minutes\" \/>\n<script type=\"application\/ld+json\" class=\"yoast-schema-graph\">{\"@context\":\"https:\\\/\\\/schema.org\",\"@graph\":[{\"@type\":\"WebPage\",\"@id\":\"http:\\\/\\\/hsc-jcmm16.org\\\/fr\\\/qui-sommes-nous\",\"url\":\"http:\\\/\\\/hsc-jcmm16.org\\\/fr\\\/qui-sommes-nous\",\"name\":\"Qui sommes-nous ? - HOLY SPIRIT COLLEGE\",\"isPartOf\":{\"@id\":\"http:\\\/\\\/hsc-jcmm16.org\\\/fr#website\"},\"primaryImageOfPage\":{\"@id\":\"http:\\\/\\\/hsc-jcmm16.org\\\/fr\\\/qui-sommes-nous#primaryimage\"},\"image\":{\"@id\":\"http:\\\/\\\/hsc-jcmm16.org\\\/fr\\\/qui-sommes-nous#primaryimage\"},\"thumbnailUrl\":\"http:\\\/\\\/hsc-jcmm16.org\\\/wp-content\\\/uploads\\\/2022\\\/04\\\/internship-9.jpg\",\"datePublished\":\"2022-04-09T13:43:24+00:00\",\"dateModified\":\"2022-04-09T17:44:28+00:00\",\"breadcrumb\":{\"@id\":\"http:\\\/\\\/hsc-jcmm16.org\\\/fr\\\/qui-sommes-nous#breadcrumb\"},\"inLanguage\":\"fr-FR\",\"potentialAction\":[{\"@type\":\"ReadAction\",\"target\":[\"http:\\\/\\\/hsc-jcmm16.org\\\/fr\\\/qui-sommes-nous\"]}]},{\"@type\":\"ImageObject\",\"inLanguage\":\"fr-FR\",\"@id\":\"http:\\\/\\\/hsc-jcmm16.org\\\/fr\\\/qui-sommes-nous#primaryimage\",\"url\":\"http:\\\/\\\/hsc-jcmm16.org\\\/wp-content\\\/uploads\\\/2022\\\/04\\\/internship-9.jpg\",\"contentUrl\":\"http:\\\/\\\/hsc-jcmm16.org\\\/wp-content\\\/uploads\\\/2022\\\/04\\\/internship-9.jpg\",\"width\":440,\"height\":300},{\"@type\":\"BreadcrumbList\",\"@id\":\"http:\\\/\\\/hsc-jcmm16.org\\\/fr\\\/qui-sommes-nous#breadcrumb\",\"itemListElement\":[{\"@type\":\"ListItem\",\"position\":1,\"name\":\"Accueil\",\"item\":\"http:\\\/\\\/hsc-jcmm16.org\\\/fr\"},{\"@type\":\"ListItem\",\"position\":2,\"name\":\"Qui sommes-nous ?\"}]},{\"@type\":\"WebSite\",\"@id\":\"http:\\\/\\\/hsc-jcmm16.org\\\/fr#website\",\"url\":\"http:\\\/\\\/hsc-jcmm16.org\\\/fr\",\"name\":\"HOLY SPIRIT COLLEGE\",\"description\":\"Where Jesus won, we won\",\"publisher\":{\"@id\":\"http:\\\/\\\/hsc-jcmm16.org\\\/fr#organization\"},\"potentialAction\":[{\"@type\":\"SearchAction\",\"target\":{\"@type\":\"EntryPoint\",\"urlTemplate\":\"http:\\\/\\\/hsc-jcmm16.org\\\/fr?s={search_term_string}\"},\"query-input\":{\"@type\":\"PropertyValueSpecification\",\"valueRequired\":true,\"valueName\":\"search_term_string\"}}],\"inLanguage\":\"fr-FR\"},{\"@type\":\"Organization\",\"@id\":\"http:\\\/\\\/hsc-jcmm16.org\\\/fr#organization\",\"name\":\"HOLY SPIRIT COLLEGE - JCMM16\",\"url\":\"http:\\\/\\\/hsc-jcmm16.org\\\/fr\",\"logo\":{\"@type\":\"ImageObject\",\"inLanguage\":\"fr-FR\",\"@id\":\"http:\\\/\\\/hsc-jcmm16.org\\\/fr#\\\/schema\\\/logo\\\/image\\\/\",\"url\":\"http:\\\/\\\/hsc-jcmm16.org\\\/wp-content\\\/uploads\\\/2021\\\/10\\\/IMG-LOGO-HSC.jpg\",\"contentUrl\":\"http:\\\/\\\/hsc-jcmm16.org\\\/wp-content\\\/uploads\\\/2021\\\/10\\\/IMG-LOGO-HSC.jpg\",\"width\":591,\"height\":591,\"caption\":\"HOLY SPIRIT COLLEGE - JCMM16\"},\"image\":{\"@id\":\"http:\\\/\\\/hsc-jcmm16.org\\\/fr#\\\/schema\\\/logo\\\/image\\\/\"}}]}<\/script>\n<!-- \/ Yoast SEO plugin. -->","yoast_head_json":{"title":"Qui sommes-nous ? - HOLY SPIRIT COLLEGE","robots":{"index":"index","follow":"follow","max-snippet":"max-snippet:-1","max-image-preview":"max-image-preview:large","max-video-preview":"max-video-preview:-1"},"canonical":"http:\/\/hsc-jcmm16.org\/fr\/qui-sommes-nous","og_locale":"fr_FR","og_type":"article","og_title":"Qui sommes-nous ? - HOLY SPIRIT COLLEGE","og_description":"Le &#8220;Holy-Spirit College&#8221; est une \u00e9cole administr\u00e9e au sein de JESUS Church &#8211; Mission Mark 16, une \u00e9glise \u00e9vang\u00e9lique pour la gloire de Dieu. Fond\u00e9e...","og_url":"http:\/\/hsc-jcmm16.org\/fr\/qui-sommes-nous","og_site_name":"HOLY SPIRIT COLLEGE","article_modified_time":"2022-04-09T17:44:28+00:00","og_image":[{"width":440,"height":300,"url":"http:\/\/hsc-jcmm16.org\/wp-content\/uploads\/2022\/04\/internship-9.jpg","type":"image\/jpeg"}],"twitter_card":"summary_large_image","twitter_misc":{"Dur\u00e9e de lecture estim\u00e9e":"3 minutes"},"schema":{"@context":"https:\/\/schema.org","@graph":[{"@type":"WebPage","@id":"http:\/\/hsc-jcmm16.org\/fr\/qui-sommes-nous","url":"http:\/\/hsc-jcmm16.org\/fr\/qui-sommes-nous","name":"Qui sommes-nous ? - HOLY SPIRIT COLLEGE","isPartOf":{"@id":"http:\/\/hsc-jcmm16.org\/fr#website"},"primaryImageOfPage":{"@id":"http:\/\/hsc-jcmm16.org\/fr\/qui-sommes-nous#primaryimage"},"image":{"@id":"http:\/\/hsc-jcmm16.org\/fr\/qui-sommes-nous#primaryimage"},"thumbnailUrl":"http:\/\/hsc-jcmm16.org\/wp-content\/uploads\/2022\/04\/internship-9.jpg","datePublished":"2022-04-09T13:43:24+00:00","dateModified":"2022-04-09T17:44:28+00:00","breadcrumb":{"@id":"http:\/\/hsc-jcmm16.org\/fr\/qui-sommes-nous#breadcrumb"},"inLanguage":"fr-FR","potentialAction":[{"@type":"ReadAction","target":["http:\/\/hsc-jcmm16.org\/fr\/qui-sommes-nous"]}]},{"@type":"ImageObject","inLanguage":"fr-FR","@id":"http:\/\/hsc-jcmm16.org\/fr\/qui-sommes-nous#primaryimage","url":"http:\/\/hsc-jcmm16.org\/wp-content\/uploads\/2022\/04\/internship-9.jpg","contentUrl":"http:\/\/hsc-jcmm16.org\/wp-content\/uploads\/2022\/04\/internship-9.jpg","width":440,"height":300},{"@type":"BreadcrumbList","@id":"http:\/\/hsc-jcmm16.org\/fr\/qui-sommes-nous#breadcrumb","itemListElement":[{"@type":"ListItem","position":1,"name":"Accueil","item":"http:\/\/hsc-jcmm16.org\/fr"},{"@type":"ListItem","position":2,"name":"Qui sommes-nous ?"}]},{"@type":"WebSite","@id":"http:\/\/hsc-jcmm16.org\/fr#website","url":"http:\/\/hsc-jcmm16.org\/fr","name":"HOLY SPIRIT COLLEGE","description":"Where Jesus won, we won","publisher":{"@id":"http:\/\/hsc-jcmm16.org\/fr#organization"},"potentialAction":[{"@type":"SearchAction","target":{"@type":"EntryPoint","urlTemplate":"http:\/\/hsc-jcmm16.org\/fr?s={search_term_string}"},"query-input":{"@type":"PropertyValueSpecification","valueRequired":true,"valueName":"search_term_string"}}],"inLanguage":"fr-FR"},{"@type":"Organization","@id":"http:\/\/hsc-jcmm16.org\/fr#organization","name":"HOLY SPIRIT COLLEGE - JCMM16","url":"http:\/\/hsc-jcmm16.org\/fr","logo":{"@type":"ImageObject","inLanguage":"fr-FR","@id":"http:\/\/hsc-jcmm16.org\/fr#\/schema\/logo\/image\/","url":"http:\/\/hsc-jcmm16.org\/wp-content\/uploads\/2021\/10\/IMG-LOGO-HSC.jpg","contentUrl":"http:\/\/hsc-jcmm16.org\/wp-content\/uploads\/2021\/10\/IMG-LOGO-HSC.jpg","width":591,"height":591,"caption":"HOLY SPIRIT COLLEGE - JCMM16"},"image":{"@id":"http:\/\/hsc-jcmm16.org\/fr#\/schema\/logo\/image\/"}}]}},"_links":{"self":[{"href":"http:\/\/hsc-jcmm16.org\/fr\/wp-json\/wp\/v2\/pages\/618","targetHints":{"allow":["GET"]}}],"collection":[{"href":"http:\/\/hsc-jcmm16.org\/fr\/wp-json\/wp\/v2\/pages"}],"about":[{"href":"http:\/\/hsc-jcmm16.org\/fr\/wp-json\/wp\/v2\/types\/page"}],"author":[{"embeddable":true,"href":"http:\/\/hsc-jcmm16.org\/fr\/wp-json\/wp\/v2\/users\/1"}],"replies":[{"embeddable":true,"href":"http:\/\/hsc-jcmm16.org\/fr\/wp-json\/wp\/v2\/comments?post=618"}],"version-history":[{"count":4,"href":"http:\/\/hsc-jcmm16.org\/fr\/wp-json\/wp\/v2\/pages\/618\/revisions"}],"predecessor-version":[{"id":712,"href":"http:\/\/hsc-jcmm16.org\/fr\/wp-json\/wp\/v2\/pages\/618\/revisions\/712"}],"wp:featuredmedia":[{"embeddable":true,"href":"http:\/\/hsc-jcmm16.org\/fr\/wp-json\/wp\/v2\/media\/680"}],"wp:attachment":[{"href":"http:\/\/hsc-jcmm16.org\/fr\/wp-json\/wp\/v2\/media?parent=618"}],"curies":[{"name":"wp","href":"https:\/\/api.w.org\/{rel}","templated":true}]}}